{"id":3577,"date":"2021-11-27T21:04:04","date_gmt":"2021-11-27T21:04:04","guid":{"rendered":"https:\/\/themeim.com\/wp\/cliper\/?page_id=3577"},"modified":"2023-01-06T15:24:51","modified_gmt":"2023-01-06T15:24:51","slug":"etudes-qualitatives","status":"publish","type":"page","link":"https:\/\/www.inputsafrica.com\/index.php\/etudes-qualitatives\/","title":{"rendered":"Etudes Qualitatives"},"content":{"rendered":"\t\t<div data-elementor-type=\"wp-page\" data-elementor-id=\"3577\" class=\"elementor elementor-3577\">\n\t\t\t\t\t\t<section class=\"elementor-section elementor-top-section elementor-element elementor-element-68a75f3b elementor-section-boxed elementor-section-height-default elementor-section-height-default\" data-id=\"68a75f3b\" data-element_type=\"section\" data-settings=\"{&quot;background_background&quot;:&quot;classic&quot;}\">\n\t\t\t\t\t\t\t<div class=\"elementor-background-overlay\"><\/div>\n\t\t\t\t\t\t\t<div class=\"elementor-container elementor-column-gap-default\">\n\t\t\t\t\t<div class=\"elementor-column elementor-col-33 elementor-top-column elementor-element elementor-element-13a1aab\" data-id=\"13a1aab\" data-element_type=\"column\">\n\t\t\t<div class=\"elementor-widget-wrap\">\n\t\t\t\t\t\t\t<\/div>\n\t\t<\/div>\n\t\t\t\t<div class=\"elementor-column elementor-col-33 elementor-top-column elementor-element elementor-element-2d263418\" data-id=\"2d263418\" data-element_type=\"column\">\n\t\t\t<div class=\"elementor-widget-wrap elementor-element-populated\">\n\t\t\t\t\t\t<div class=\"elementor-element elementor-element-69724163 elementor-widget elementor-widget-elementskit-heading\" data-id=\"69724163\" data-element_type=\"widget\" data-widget_type=\"elementskit-heading.default\">\n\t\t\t\t<div class=\"elementor-widget-container\">\n\t\t\t<div class=\"ekit-wid-con\" ><div class=\"ekit-heading elementskit-section-title-wraper center   ekit_heading_tablet-   ekit_heading_mobile-\"><h2 class=\"ekit-heading--title elementskit-section-title \">Etudes Qualitatives<\/h2><\/div><\/div>\t\t<\/div>\n\t\t\t\t<\/div>\n\t\t\t\t\t<\/div>\n\t\t<\/div>\n\t\t\t\t<div class=\"elementor-column elementor-col-33 elementor-top-column elementor-element elementor-element-2b375763\" data-id=\"2b375763\" data-element_type=\"column\">\n\t\t\t<div class=\"elementor-widget-wrap\">\n\t\t\t\t\t\t\t<\/div>\n\t\t<\/div>\n\t\t\t\t\t<\/div>\n\t\t<\/section>\n\t\t\t\t<section class=\"elementor-section elementor-top-section elementor-element elementor-element-3634c14e elementor-section-full_width elementor-section-height-default elementor-section-height-default\" data-id=\"3634c14e\" data-element_type=\"section\" data-settings=\"{&quot;background_background&quot;:&quot;classic&quot;}\">\n\t\t\t\t\t\t\t<div class=\"elementor-background-overlay\"><\/div>\n\t\t\t\t\t\t\t<div class=\"elementor-container elementor-column-gap-no\">\n\t\t\t\t\t<div class=\"elementor-column elementor-col-100 elementor-top-column elementor-element elementor-element-2e221c67\" data-id=\"2e221c67\" data-element_type=\"column\">\n\t\t\t<div class=\"elementor-widget-wrap elementor-element-populated\">\n\t\t\t\t\t\t<section class=\"elementor-section elementor-inner-section elementor-element elementor-element-182a1cb4 elementor-section-boxed elementor-section-height-default elementor-section-height-default\" data-id=\"182a1cb4\" data-element_type=\"section\">\n\t\t\t\t\t\t<div class=\"elementor-container elementor-column-gap-default\">\n\t\t\t\t\t<div class=\"elementor-column elementor-col-33 elementor-inner-column elementor-element elementor-element-136ddc4e\" data-id=\"136ddc4e\" data-element_type=\"column\">\n\t\t\t<div class=\"elementor-widget-wrap elementor-element-populated\">\n\t\t\t\t\t\t<div class=\"elementor-element elementor-element-36572e ekit-equal-height-disable elementor-widget elementor-widget-elementskit-icon-box\" data-id=\"36572e\" data-element_type=\"widget\" data-widget_type=\"elementskit-icon-box.default\">\n\t\t\t\t<div class=\"elementor-widget-container\">\n\t\t\t<div class=\"ekit-wid-con\" >        <!-- link opening -->\n                <!-- end link opening -->\n\n        <div class=\"elementskit-infobox text- text- icon-lef-right-aligin elementor-animation-  gradient-active  hover_from_right\">\n                        <div class=\"box-body\">\n                            <h3 class=\"elementskit-info-box-title\">\n                    Des m\u00e9thodes de collecte traditionnelles                 <\/h3>\n                        \t\t  \t<p>Focus groupes, triades, groupes de confrontation, bin\u00f4mes, entretiens individuels, immersions, diaries (pr\u00e9 task ou carnets de route).<\/p>\n                                <\/div>\n        \n        \n                <\/div>\n        <\/div>\t\t<\/div>\n\t\t\t\t<\/div>\n\t\t\t\t\t<\/div>\n\t\t<\/div>\n\t\t\t\t<div class=\"elementor-column elementor-col-33 elementor-inner-column elementor-element elementor-element-42b51936\" data-id=\"42b51936\" data-element_type=\"column\">\n\t\t\t<div class=\"elementor-widget-wrap elementor-element-populated\">\n\t\t\t\t\t\t<div class=\"elementor-element elementor-element-21b73854 ekit-equal-height-disable elementor-widget elementor-widget-elementskit-icon-box\" data-id=\"21b73854\" data-element_type=\"widget\" data-widget_type=\"elementskit-icon-box.default\">\n\t\t\t\t<div class=\"elementor-widget-container\">\n\t\t\t<div class=\"ekit-wid-con\" >        <!-- link opening -->\n                <a href=\"#\" class=\"ekit_global_links\">\n                <!-- end link opening -->\n\n        <div class=\"elementskit-infobox text- text- icon-lef-right-aligin elementor-animation-  gradient-active  hover_from_right\">\n                        <div class=\"box-body\">\n                            <h3 class=\"elementskit-info-box-title\">\n                    Des m\u00e9thodes de collecte online                 <\/h3>\n                        \t\t  \t<p>plus innovants. L\u2019interrogation en ligne appara\u00eet comme une facilitation, un all\u00e9gement des contraintes des outils classiques. Cette m\u00e9thode apporte de nombreux avantages pratiques : rapidit\u00e9, \u00e9conomie budg\u00e9taire et efficacit\u00e9, gestion facilit\u00e9e des enqu\u00eates, souplesse des modes d\u2019interrogation, etc.<\/p>\n                                <\/div>\n        \n        \n                <\/div>\n                <\/a>\n        <\/div>\t\t<\/div>\n\t\t\t\t<\/div>\n\t\t\t\t\t<\/div>\n\t\t<\/div>\n\t\t\t\t<div class=\"elementor-column elementor-col-33 elementor-inner-column elementor-element elementor-element-2ab76567\" data-id=\"2ab76567\" data-element_type=\"column\">\n\t\t\t<div class=\"elementor-widget-wrap elementor-element-populated\">\n\t\t\t\t\t\t<div class=\"elementor-element elementor-element-5d41fd8 ekit-equal-height-disable elementor-widget elementor-widget-elementskit-icon-box\" data-id=\"5d41fd8\" data-element_type=\"widget\" data-widget_type=\"elementskit-icon-box.default\">\n\t\t\t\t<div class=\"elementor-widget-container\">\n\t\t\t<div class=\"ekit-wid-con\" >        <!-- link opening -->\n                <a href=\"#\" class=\"ekit_global_links\">\n                <!-- end link opening -->\n\n        <div class=\"elementskit-infobox text- text- icon-lef-right-aligin elementor-animation-  gradient-active  hover_from_right\">\n                        <div class=\"box-body\">\n                            <h3 class=\"elementskit-info-box-title\">\n                    Des m\u00e9thodes de collecte mixtes                 <\/h3>\n                        \t\t  \t<p>Une combinaison de r\u00e9actions individuelles et de r\u00e9actions collectives : il arrive souvent qu\u2019on d\u00e9bute par un questionnaire auto-administr\u00e9, ou une \u00e9valuation silencieuse ou isol\u00e9e, pour ensuite continuer avec des \u00e9changes collectifs, lors d\u2019un focus groupe.<\/p>\n                                <\/div>\n        \n        \n                <\/div>\n                <\/a>\n        <\/div>\t\t<\/div>\n\t\t\t\t<\/div>\n\t\t\t\t\t<\/div>\n\t\t<\/div>\n\t\t\t\t\t<\/div>\n\t\t<\/section>\n\t\t\t\t\t<\/div>\n\t\t<\/div>\n\t\t\t\t\t<\/div>\n\t\t<\/section>\n\t\t\t\t<\/div>\n\t\t","protected":false},"excerpt":{"rendered":"<p>Etudes Qualitatives Des m\u00e9thodes de collecte traditionnelles Focus groupes, triades, groupes de confrontation, bin\u00f4mes, entretiens individuels, immersions, diaries (pr\u00e9 task [&hellip;]<\/p>\n","protected":false},"author":1,"featured_media":0,"parent":0,"menu_order":0,"comment_status":"closed","ping_status":"closed","template":"elementor_header_footer","meta":{"_blockly_fonts_attr":"","footnotes":""},"class_list":["post-3577","page","type-page","status-publish","hentry","no-post-thumbnail"],"_links":{"self":[{"href":"https:\/\/www.inputsafrica.com\/index.php\/wp-json\/wp\/v2\/pages\/3577","targetHints":{"allow":["GET"]}}],"collection":[{"href":"https:\/\/www.inputsafrica.com\/index.php\/wp-json\/wp\/v2\/pages"}],"about":[{"href":"https:\/\/www.inputsafrica.com\/index.php\/wp-json\/wp\/v2\/types\/page"}],"author":[{"embeddable":true,"href":"https:\/\/www.inputsafrica.com\/index.php\/wp-json\/wp\/v2\/users\/1"}],"replies":[{"embeddable":true,"href":"https:\/\/www.inputsafrica.com\/index.php\/wp-json\/wp\/v2\/comments?post=3577"}],"version-history":[{"count":32,"href":"https:\/\/www.inputsafrica.com\/index.php\/wp-json\/wp\/v2\/pages\/3577\/revisions"}],"predecessor-version":[{"id":8790,"href":"https:\/\/www.inputsafrica.com\/index.php\/wp-json\/wp\/v2\/pages\/3577\/revisions\/8790"}],"wp:attachment":[{"href":"https:\/\/www.inputsafrica.com\/index.php\/wp-json\/wp\/v2\/media?parent=3577"}],"curies":[{"name":"wp","href":"https:\/\/api.w.org\/{rel}","templated":true}]}}