{"id":7095,"date":"2022-08-08T19:06:21","date_gmt":"2022-08-08T19:06:21","guid":{"rendered":"http:\/\/localhost\/africaclip\/?page_id=7095"},"modified":"2023-05-30T16:07:15","modified_gmt":"2023-05-30T16:07:15","slug":"market-and-understanding","status":"publish","type":"page","link":"https:\/\/www.inputsafrica.com\/index.php\/market-and-understanding\/","title":{"rendered":"Compr\u00e9hension de march\u00e9"},"content":{"rendered":"\t\t<div data-elementor-type=\"wp-page\" data-elementor-id=\"7095\" class=\"elementor elementor-7095\">\n\t\t\t\t\t\t<section class=\"elementor-section elementor-top-section elementor-element elementor-element-7439f5db elementor-section-boxed elementor-section-height-default elementor-section-height-default\" data-id=\"7439f5db\" data-element_type=\"section\" data-settings=\"{&quot;background_background&quot;:&quot;classic&quot;}\">\n\t\t\t\t\t\t\t<div class=\"elementor-background-overlay\"><\/div>\n\t\t\t\t\t\t\t<div class=\"elementor-container elementor-column-gap-default\">\n\t\t\t\t\t<div class=\"elementor-column elementor-col-100 elementor-top-column elementor-element elementor-element-39acec96\" data-id=\"39acec96\" data-element_type=\"column\">\n\t\t\t<div class=\"elementor-widget-wrap elementor-element-populated\">\n\t\t\t\t\t\t<div class=\"elementor-element elementor-element-5bf28afa elementor-widget elementor-widget-elementskit-heading\" data-id=\"5bf28afa\" data-element_type=\"widget\" data-widget_type=\"elementskit-heading.default\">\n\t\t\t\t<div class=\"elementor-widget-container\">\n\t\t\t<div class=\"ekit-wid-con\" ><div class=\"ekit-heading elementskit-section-title-wraper center   ekit_heading_tablet-   ekit_heading_mobile-text_center\"><h2 class=\"ekit-heading--title elementskit-section-title \">Compr\u00e9hension de march\u00e9<\/h2><\/div><\/div>\t\t<\/div>\n\t\t\t\t<\/div>\n\t\t\t\t\t<\/div>\n\t\t<\/div>\n\t\t\t\t\t<\/div>\n\t\t<\/section>\n\t\t\t\t<section class=\"elementor-section elementor-top-section elementor-element elementor-element-1e0ac11c elementor-section-boxed elementor-section-height-default elementor-section-height-default\" data-id=\"1e0ac11c\" data-element_type=\"section\" data-settings=\"{&quot;background_background&quot;:&quot;classic&quot;}\">\n\t\t\t\t\t\t<div class=\"elementor-container elementor-column-gap-default\">\n\t\t\t\t\t<div class=\"elementor-column elementor-col-100 elementor-top-column elementor-element elementor-element-677919d9\" data-id=\"677919d9\" data-element_type=\"column\">\n\t\t\t<div class=\"elementor-widget-wrap elementor-element-populated\">\n\t\t\t\t\t\t<div class=\"elementor-element elementor-element-a179476 elementor-widget elementor-widget-text-editor\" data-id=\"a179476\" data-element_type=\"widget\" data-widget_type=\"text-editor.default\">\n\t\t\t\t<div class=\"elementor-widget-container\">\n\t\t\t\t\t\t\t<p>Mesurez et comprendre les tendances de votre march\u00e9 afin d\u2019identifier les opportunit\u00e9s de croissance.<\/p>\t\t\t\t\t\t<\/div>\n\t\t\t\t<\/div>\n\t\t\t\t<section class=\"elementor-section elementor-inner-section elementor-element elementor-element-74682547 elementor-section-boxed elementor-section-height-default elementor-section-height-default\" data-id=\"74682547\" data-element_type=\"section\">\n\t\t\t\t\t\t<div class=\"elementor-container elementor-column-gap-default\">\n\t\t\t\t\t<div class=\"elementor-column elementor-col-50 elementor-inner-column elementor-element elementor-element-250b0c44\" data-id=\"250b0c44\" data-element_type=\"column\">\n\t\t\t<div class=\"elementor-widget-wrap elementor-element-populated\">\n\t\t\t\t\t\t<div class=\"elementor-element elementor-element-6eb84b84 ekit-equal-height-disable elementor-widget elementor-widget-elementskit-icon-box\" data-id=\"6eb84b84\" data-element_type=\"widget\" data-widget_type=\"elementskit-icon-box.default\">\n\t\t\t\t<div class=\"elementor-widget-container\">\n\t\t\t<div class=\"ekit-wid-con\" >        <!-- link opening -->\n                <a href=\"#\" class=\"ekit_global_links\">\n                <!-- end link opening -->\n\n        <div class=\"elementskit-infobox text- text-left icon-lef-right-aligin elementor-animation- media  \">\n                    <div class=\"elementskit-box-header elementor-animation-\">\n                <div class=\"elementskit-info-box-icon  text-center\">\n                    \n                <\/div>\n          <\/div>\n                        <div class=\"box-body\">\n                            <h3 class=\"elementskit-info-box-title\">\n                    Etudes d\u2019Usages et Attitudes                <\/h3>\n                        \t\t  \t<p>Qui, quand, quoi, comment,  pourquoi, \u2026 ma cible ach\u00e8te? Quel est leur comportement d\u2019achat ?<\/p>\n                                <\/div>\n        \n        \n                <\/div>\n                <\/a>\n        <\/div>\t\t<\/div>\n\t\t\t\t<\/div>\n\t\t\t\t\t<\/div>\n\t\t<\/div>\n\t\t\t\t<div class=\"elementor-column elementor-col-50 elementor-inner-column elementor-element elementor-element-79101e68\" data-id=\"79101e68\" data-element_type=\"column\">\n\t\t\t<div class=\"elementor-widget-wrap elementor-element-populated\">\n\t\t\t\t\t\t<div class=\"elementor-element elementor-element-5969596f ekit-equal-height-disable elementor-widget elementor-widget-elementskit-icon-box\" data-id=\"5969596f\" data-element_type=\"widget\" data-widget_type=\"elementskit-icon-box.default\">\n\t\t\t\t<div class=\"elementor-widget-container\">\n\t\t\t<div class=\"ekit-wid-con\" >        <!-- link opening -->\n                <a href=\"#\" class=\"ekit_global_links\">\n                <!-- end link opening -->\n\n        <div class=\"elementskit-infobox text- text-left icon-lef-right-aligin elementor-animation- media  \">\n                    <div class=\"elementskit-box-header elementor-animation-\">\n                <div class=\"elementskit-info-box-icon  text-center\">\n                    \n                <\/div>\n          <\/div>\n                        <div class=\"box-body\">\n                            <h3 class=\"elementskit-info-box-title\">\n                    Etudes de cible et segmentation                <\/h3>\n                        \t\t  \t<p>Quelle cible ou quel segment privil\u00e9gier pour une meilleure croissance ?<\/p>\n                                <\/div>\n        \n        \n                <\/div>\n                <\/a>\n        <\/div>\t\t<\/div>\n\t\t\t\t<\/div>\n\t\t\t\t\t<\/div>\n\t\t<\/div>\n\t\t\t\t\t<\/div>\n\t\t<\/section>\n\t\t\t\t<div class=\"elementor-element elementor-element-db2567e elementor-widget__width-auto elementor-absolute elementor-widget elementor-widget-image\" data-id=\"db2567e\" data-element_type=\"widget\" data-settings=\"{&quot;_position&quot;:&quot;absolute&quot;,&quot;be_addons_floating_fx&quot;:&quot;yes&quot;,&quot;be_addons_floating_fx_rotate_toggle&quot;:&quot;yes&quot;,&quot;be_addons_floating_fx_rotate_x&quot;:{&quot;unit&quot;:&quot;px&quot;,&quot;size&quot;:&quot;&quot;,&quot;sizes&quot;:{&quot;from&quot;:0,&quot;to&quot;:0}},&quot;be_addons_floating_fx_rotate_y&quot;:{&quot;unit&quot;:&quot;px&quot;,&quot;size&quot;:&quot;&quot;,&quot;sizes&quot;:{&quot;from&quot;:0,&quot;to&quot;:0}},&quot;be_addons_floating_fx_rotate_z&quot;:{&quot;unit&quot;:&quot;px&quot;,&quot;size&quot;:&quot;&quot;,&quot;sizes&quot;:{&quot;from&quot;:0,&quot;to&quot;:180}},&quot;be_addons_floating_fx_rotate_duration&quot;:{&quot;unit&quot;:&quot;px&quot;,&quot;size&quot;:5000,&quot;sizes&quot;:[]},&quot;be_addons_floating_fx_scale_toggle&quot;:&quot;yes&quot;,&quot;be_addons_floating_fx_scale_x&quot;:{&quot;unit&quot;:&quot;px&quot;,&quot;size&quot;:&quot;&quot;,&quot;sizes&quot;:{&quot;from&quot;:1,&quot;to&quot;:1}},&quot;be_addons_floating_fx_scale_y&quot;:{&quot;unit&quot;:&quot;px&quot;,&quot;size&quot;:&quot;&quot;,&quot;sizes&quot;:{&quot;from&quot;:1,&quot;to&quot;:1}},&quot;be_addons_floating_fx_scale_duration&quot;:{&quot;unit&quot;:&quot;px&quot;,&quot;size&quot;:5000,&quot;sizes&quot;:[]},&quot;be_addons_floating_fx_rotate_delay&quot;:{&quot;unit&quot;:&quot;px&quot;,&quot;size&quot;:&quot;&quot;,&quot;sizes&quot;:[]},&quot;be_addons_floating_fx_scale_delay&quot;:{&quot;unit&quot;:&quot;px&quot;,&quot;size&quot;:&quot;&quot;,&quot;sizes&quot;:[]}}\" data-widget_type=\"image.default\">\n\t\t\t\t<div class=\"elementor-widget-container\">\n\t\t\t\t\t\t\t\t\t\t\t\t\t<img decoding=\"async\" width=\"200\" height=\"200\" src=\"https:\/\/www.inputsafrica.com\/wp-content\/uploads\/2022\/10\/blob.png\" class=\"attachment-large size-large wp-image-8325\" alt=\"\" srcset=\"https:\/\/www.inputsafrica.com\/wp-content\/uploads\/2022\/10\/blob.png 200w, https:\/\/www.inputsafrica.com\/wp-content\/uploads\/2022\/10\/blob-150x150.png 150w, https:\/\/www.inputsafrica.com\/wp-content\/uploads\/2022\/10\/blob-180x180.png 180w\" sizes=\"(max-width: 200px) 100vw, 200px\" \/>\t\t\t\t\t\t\t\t\t\t\t\t\t<\/div>\n\t\t\t\t<\/div>\n\t\t\t\t<div class=\"elementor-element elementor-element-574b98b elementor-widget__width-auto elementor-absolute elementor-widget elementor-widget-image\" data-id=\"574b98b\" data-element_type=\"widget\" data-settings=\"{&quot;_position&quot;:&quot;absolute&quot;,&quot;be_addons_floating_fx&quot;:&quot;yes&quot;,&quot;be_addons_floating_fx_rotate_toggle&quot;:&quot;yes&quot;,&quot;be_addons_floating_fx_rotate_x&quot;:{&quot;unit&quot;:&quot;px&quot;,&quot;size&quot;:&quot;&quot;,&quot;sizes&quot;:{&quot;from&quot;:0,&quot;to&quot;:0}},&quot;be_addons_floating_fx_rotate_y&quot;:{&quot;unit&quot;:&quot;px&quot;,&quot;size&quot;:&quot;&quot;,&quot;sizes&quot;:{&quot;from&quot;:0,&quot;to&quot;:0}},&quot;be_addons_floating_fx_rotate_z&quot;:{&quot;unit&quot;:&quot;px&quot;,&quot;size&quot;:&quot;&quot;,&quot;sizes&quot;:{&quot;from&quot;:0,&quot;to&quot;:180}},&quot;be_addons_floating_fx_rotate_duration&quot;:{&quot;unit&quot;:&quot;px&quot;,&quot;size&quot;:5000,&quot;sizes&quot;:[]},&quot;be_addons_floating_fx_scale_toggle&quot;:&quot;yes&quot;,&quot;be_addons_floating_fx_scale_x&quot;:{&quot;unit&quot;:&quot;px&quot;,&quot;size&quot;:&quot;&quot;,&quot;sizes&quot;:{&quot;from&quot;:1,&quot;to&quot;:1}},&quot;be_addons_floating_fx_scale_y&quot;:{&quot;unit&quot;:&quot;px&quot;,&quot;size&quot;:&quot;&quot;,&quot;sizes&quot;:{&quot;from&quot;:1,&quot;to&quot;:1}},&quot;be_addons_floating_fx_scale_duration&quot;:{&quot;unit&quot;:&quot;px&quot;,&quot;size&quot;:5000,&quot;sizes&quot;:[]},&quot;be_addons_floating_fx_rotate_delay&quot;:{&quot;unit&quot;:&quot;px&quot;,&quot;size&quot;:&quot;&quot;,&quot;sizes&quot;:[]},&quot;be_addons_floating_fx_scale_delay&quot;:{&quot;unit&quot;:&quot;px&quot;,&quot;size&quot;:&quot;&quot;,&quot;sizes&quot;:[]}}\" data-widget_type=\"image.default\">\n\t\t\t\t<div class=\"elementor-widget-container\">\n\t\t\t\t\t\t\t\t\t\t\t\t\t<img decoding=\"async\" width=\"200\" height=\"200\" src=\"https:\/\/www.inputsafrica.com\/wp-content\/uploads\/2022\/11\/blob.png\" class=\"attachment-large size-large wp-image-8429\" alt=\"\" srcset=\"https:\/\/www.inputsafrica.com\/wp-content\/uploads\/2022\/11\/blob.png 200w, https:\/\/www.inputsafrica.com\/wp-content\/uploads\/2022\/11\/blob-150x150.png 150w, https:\/\/www.inputsafrica.com\/wp-content\/uploads\/2022\/11\/blob-180x180.png 180w\" sizes=\"(max-width: 200px) 100vw, 200px\" \/>\t\t\t\t\t\t\t\t\t\t\t\t\t<\/div>\n\t\t\t\t<\/div>\n\t\t\t\t\t<\/div>\n\t\t<\/div>\n\t\t\t\t\t<\/div>\n\t\t<\/section>\n\t\t\t\t<\/div>\n\t\t","protected":false},"excerpt":{"rendered":"<p>Compr\u00e9hension de march\u00e9 Mesurez et comprendre les tendances de votre march\u00e9 afin d\u2019identifier les opportunit\u00e9s de croissance. Etudes d\u2019Usages et [&hellip;]<\/p>\n","protected":false},"author":1,"featured_media":0,"parent":0,"menu_order":0,"comment_status":"closed","ping_status":"closed","template":"elementor_header_footer","meta":{"_blockly_fonts_attr":"","footnotes":""},"class_list":["post-7095","page","type-page","status-publish","hentry","no-post-thumbnail"],"_links":{"self":[{"href":"https:\/\/www.inputsafrica.com\/index.php\/wp-json\/wp\/v2\/pages\/7095","targetHints":{"allow":["GET"]}}],"collection":[{"href":"https:\/\/www.inputsafrica.com\/index.php\/wp-json\/wp\/v2\/pages"}],"about":[{"href":"https:\/\/www.inputsafrica.com\/index.php\/wp-json\/wp\/v2\/types\/page"}],"author":[{"embeddable":true,"href":"https:\/\/www.inputsafrica.com\/index.php\/wp-json\/wp\/v2\/users\/1"}],"replies":[{"embeddable":true,"href":"https:\/\/www.inputsafrica.com\/index.php\/wp-json\/wp\/v2\/comments?post=7095"}],"version-history":[{"count":152,"href":"https:\/\/www.inputsafrica.com\/index.php\/wp-json\/wp\/v2\/pages\/7095\/revisions"}],"predecessor-version":[{"id":9449,"href":"https:\/\/www.inputsafrica.com\/index.php\/wp-json\/wp\/v2\/pages\/7095\/revisions\/9449"}],"wp:attachment":[{"href":"https:\/\/www.inputsafrica.com\/index.php\/wp-json\/wp\/v2\/media?parent=7095"}],"curies":[{"name":"wp","href":"https:\/\/api.w.org\/{rel}","templated":true}]}}