{"id":8690,"date":"2023-01-06T11:10:06","date_gmt":"2023-01-06T11:10:06","guid":{"rendered":"http:\/\/ahoussou.segoor.net\/projects\/input\/?page_id=8690"},"modified":"2023-01-07T10:00:45","modified_gmt":"2023-01-07T10:00:45","slug":"etudes-quantitatives","status":"publish","type":"page","link":"https:\/\/www.inputsafrica.com\/index.php\/etudes-quantitatives\/","title":{"rendered":"Etudes Quantitatives"},"content":{"rendered":"\t\t<div data-elementor-type=\"wp-page\" data-elementor-id=\"8690\" class=\"elementor elementor-8690\">\n\t\t\t\t\t\t<section class=\"elementor-section elementor-top-section elementor-element elementor-element-2ea040c7 elementor-section-boxed elementor-section-height-default elementor-section-height-default\" data-id=\"2ea040c7\" data-element_type=\"section\" data-settings=\"{&quot;background_background&quot;:&quot;classic&quot;}\">\n\t\t\t\t\t\t\t<div class=\"elementor-background-overlay\"><\/div>\n\t\t\t\t\t\t\t<div class=\"elementor-container elementor-column-gap-default\">\n\t\t\t\t\t<div class=\"elementor-column elementor-col-33 elementor-top-column elementor-element elementor-element-6536bf75\" data-id=\"6536bf75\" data-element_type=\"column\">\n\t\t\t<div class=\"elementor-widget-wrap\">\n\t\t\t\t\t\t\t<\/div>\n\t\t<\/div>\n\t\t\t\t<div class=\"elementor-column elementor-col-33 elementor-top-column elementor-element elementor-element-678e797e\" data-id=\"678e797e\" data-element_type=\"column\">\n\t\t\t<div class=\"elementor-widget-wrap elementor-element-populated\">\n\t\t\t\t\t\t<div class=\"elementor-element elementor-element-2c024a3 elementor-widget elementor-widget-elementskit-heading\" data-id=\"2c024a3\" data-element_type=\"widget\" data-widget_type=\"elementskit-heading.default\">\n\t\t\t\t<div class=\"elementor-widget-container\">\n\t\t\t<div class=\"ekit-wid-con\" ><div class=\"ekit-heading elementskit-section-title-wraper center   ekit_heading_tablet-   ekit_heading_mobile-\"><h2 class=\"ekit-heading--title elementskit-section-title \">Etudes Quantitatives<\/h2><\/div><\/div>\t\t<\/div>\n\t\t\t\t<\/div>\n\t\t\t\t\t<\/div>\n\t\t<\/div>\n\t\t\t\t<div class=\"elementor-column elementor-col-33 elementor-top-column elementor-element elementor-element-42a73670\" data-id=\"42a73670\" data-element_type=\"column\">\n\t\t\t<div class=\"elementor-widget-wrap\">\n\t\t\t\t\t\t\t<\/div>\n\t\t<\/div>\n\t\t\t\t\t<\/div>\n\t\t<\/section>\n\t\t\t\t<section class=\"elementor-section elementor-top-section elementor-element elementor-element-7eed5f63 elementor-section-full_width elementor-section-height-default elementor-section-height-default\" data-id=\"7eed5f63\" data-element_type=\"section\" data-settings=\"{&quot;background_background&quot;:&quot;classic&quot;}\">\n\t\t\t\t\t\t\t<div class=\"elementor-background-overlay\"><\/div>\n\t\t\t\t\t\t\t<div class=\"elementor-container elementor-column-gap-no\">\n\t\t\t\t\t<div class=\"elementor-column elementor-col-100 elementor-top-column elementor-element elementor-element-79d70a31\" data-id=\"79d70a31\" data-element_type=\"column\">\n\t\t\t<div class=\"elementor-widget-wrap elementor-element-populated\">\n\t\t\t\t\t\t<section class=\"elementor-section elementor-inner-section elementor-element elementor-element-186f18af elementor-section-boxed elementor-section-height-default elementor-section-height-default\" data-id=\"186f18af\" data-element_type=\"section\">\n\t\t\t\t\t\t<div class=\"elementor-container elementor-column-gap-default\">\n\t\t\t\t\t<div class=\"elementor-column elementor-col-50 elementor-inner-column elementor-element elementor-element-5b4ff02f\" data-id=\"5b4ff02f\" data-element_type=\"column\">\n\t\t\t<div class=\"elementor-widget-wrap elementor-element-populated\">\n\t\t\t\t\t\t<div class=\"elementor-element elementor-element-73f2db52 ekit-equal-height-disable elementor-widget elementor-widget-elementskit-icon-box\" data-id=\"73f2db52\" data-element_type=\"widget\" data-widget_type=\"elementskit-icon-box.default\">\n\t\t\t\t<div class=\"elementor-widget-container\">\n\t\t\t<div class=\"ekit-wid-con\" >        <!-- link opening -->\n                <!-- end link opening -->\n\n        <div class=\"elementskit-infobox text- text- icon-lef-right-aligin elementor-animation-  gradient-active  hover_from_right\">\n                        <div class=\"box-body\">\n                            <h3 class=\"elementskit-info-box-title\">\n                    Des m\u00e9thodes de collecte traditionnelles                 <\/h3>\n                        \t\t  \t<p>questionnaires, sondages, carnets de consommation via papier ou tablette.<\/p>\n                                <\/div>\n        \n        \n                <\/div>\n        <\/div>\t\t<\/div>\n\t\t\t\t<\/div>\n\t\t\t\t\t<\/div>\n\t\t<\/div>\n\t\t\t\t<div class=\"elementor-column elementor-col-50 elementor-inner-column elementor-element elementor-element-4e436a41\" data-id=\"4e436a41\" data-element_type=\"column\">\n\t\t\t<div class=\"elementor-widget-wrap elementor-element-populated\">\n\t\t\t\t\t\t<div class=\"elementor-element elementor-element-82083dc ekit-equal-height-disable elementor-widget elementor-widget-elementskit-icon-box\" data-id=\"82083dc\" data-element_type=\"widget\" data-widget_type=\"elementskit-icon-box.default\">\n\t\t\t\t<div class=\"elementor-widget-container\">\n\t\t\t<div class=\"ekit-wid-con\" >        <!-- link opening -->\n                <a href=\"#\" class=\"ekit_global_links\">\n                <!-- end link opening -->\n\n        <div class=\"elementskit-infobox text- text- icon-lef-right-aligin elementor-animation-  gradient-active  hover_from_right\">\n                        <div class=\"box-body\">\n                            <h3 class=\"elementskit-info-box-title\">\n                    Des m\u00e9thodes de collecte online                 <\/h3>\n                        \t\t  \t<p>Plus innovants. L\u2019interrogation en ligne appara\u00eet comme une facilitation, un all\u00e9gement des contraintes des outils classiques.\nCette m\u00e9thode apporte de nombreux avantages pratiques : rapidit\u00e9, \u00e9conomie budg\u00e9taire et efficacit\u00e9, gestion facilit\u00e9e des enqu\u00eates, souplesse des modes d\u2019interrogation, etc.<\/p>\n                                <\/div>\n        \n        \n                <\/div>\n                <\/a>\n        <\/div>\t\t<\/div>\n\t\t\t\t<\/div>\n\t\t\t\t\t<\/div>\n\t\t<\/div>\n\t\t\t\t\t<\/div>\n\t\t<\/section>\n\t\t\t\t\t<\/div>\n\t\t<\/div>\n\t\t\t\t\t<\/div>\n\t\t<\/section>\n\t\t\t\t<\/div>\n\t\t","protected":false},"excerpt":{"rendered":"<p>Etudes Quantitatives Des m\u00e9thodes de collecte traditionnelles questionnaires, sondages, carnets de consommation via papier ou tablette. Des m\u00e9thodes de collecte [&hellip;]<\/p>\n","protected":false},"author":1,"featured_media":0,"parent":0,"menu_order":0,"comment_status":"closed","ping_status":"closed","template":"elementor_header_footer","meta":{"_blockly_fonts_attr":"","footnotes":""},"class_list":["post-8690","page","type-page","status-publish","hentry","no-post-thumbnail"],"_links":{"self":[{"href":"https:\/\/www.inputsafrica.com\/index.php\/wp-json\/wp\/v2\/pages\/8690","targetHints":{"allow":["GET"]}}],"collection":[{"href":"https:\/\/www.inputsafrica.com\/index.php\/wp-json\/wp\/v2\/pages"}],"about":[{"href":"https:\/\/www.inputsafrica.com\/index.php\/wp-json\/wp\/v2\/types\/page"}],"author":[{"embeddable":true,"href":"https:\/\/www.inputsafrica.com\/index.php\/wp-json\/wp\/v2\/users\/1"}],"replies":[{"embeddable":true,"href":"https:\/\/www.inputsafrica.com\/index.php\/wp-json\/wp\/v2\/comments?post=8690"}],"version-history":[{"count":28,"href":"https:\/\/www.inputsafrica.com\/index.php\/wp-json\/wp\/v2\/pages\/8690\/revisions"}],"predecessor-version":[{"id":8818,"href":"https:\/\/www.inputsafrica.com\/index.php\/wp-json\/wp\/v2\/pages\/8690\/revisions\/8818"}],"wp:attachment":[{"href":"https:\/\/www.inputsafrica.com\/index.php\/wp-json\/wp\/v2\/media?parent=8690"}],"curies":[{"name":"wp","href":"https:\/\/api.w.org\/{rel}","templated":true}]}}